{"id":449,"date":"2023-09-21T13:33:31","date_gmt":"2023-09-21T11:33:31","guid":{"rendered":"https:\/\/shmevents.com\/?page_id=449"},"modified":"2025-10-13T13:15:47","modified_gmt":"2025-10-13T11:15:47","slug":"actualite","status":"publish","type":"page","link":"https:\/\/shmevents.com\/index.php\/actualite\/","title":{"rendered":"Actualit\u00e9"},"content":{"rendered":"\t\t<div data-elementor-type=\"wp-page\" data-elementor-id=\"449\" class=\"elementor elementor-449\">\n\t\t\t\t\t\t\t\t\t<section class=\"elementor-section elementor-top-section elementor-element elementor-element-22fd29f elementor-section-boxed elementor-section-height-default elementor-section-height-default\" data-id=\"22fd29f\" data-element_type=\"section\" data-settings=\"{&quot;background_background&quot;:&quot;classic&quot;}\">\n\t\t\t\t\t\t<div class=\"elementor-container elementor-column-gap-default\">\n\t\t\t\t\t<div class=\"elementor-column elementor-col-100 elementor-top-column elementor-element elementor-element-16fed07\" data-id=\"16fed07\" data-element_type=\"column\">\n\t\t\t<div class=\"elementor-widget-wrap elementor-element-populated\">\n\t\t\t\t\t\t\t\t<div class=\"elementor-element elementor-element-f631698 elementor-invisible elementor-widget elementor-widget-heading\" data-id=\"f631698\" data-element_type=\"widget\" data-settings=\"{&quot;_animation&quot;:&quot;fadeInUp&quot;}\" data-widget_type=\"heading.default\">\n\t\t\t\t<div class=\"elementor-widget-container\">\n\t\t\t<style>\/*! elementor - v3.12.2 - 23-04-2023 *\/\n.elementor-heading-title{padding:0;margin:0;line-height:1}.elementor-widget-heading .elementor-heading-title[class*=elementor-size-]>a{color:inherit;font-size:inherit;line-height:inherit}.elementor-widget-heading .elementor-heading-title.elementor-size-small{font-size:15px}.elementor-widget-heading .elementor-heading-title.elementor-size-medium{font-size:19px}.elementor-widget-heading .elementor-heading-title.elementor-size-large{font-size:29px}.elementor-widget-heading .elementor-heading-title.elementor-size-xl{font-size:39px}.elementor-widget-heading .elementor-heading-title.elementor-size-xxl{font-size:59px}<\/style><h2 class=\"elementor-heading-title elementor-size-default\">actualit\u00e9<\/h2>\t\t<\/div>\n\t\t\t\t<\/div>\n\t\t\t\t<div class=\"elementor-element elementor-element-60f1716 elementor-align-center elementor-widget elementor-widget-button\" data-id=\"60f1716\" data-element_type=\"widget\" data-widget_type=\"button.default\">\n\t\t\t\t<div class=\"elementor-widget-container\">\n\t\t\t\t\t<div class=\"elementor-button-wrapper\">\n\t\t\t<a href=\"#\" class=\"elementor-button-link elementor-button elementor-size-sm\" role=\"button\">\n\t\t\t\t\t\t<span class=\"elementor-button-content-wrapper\">\n\t\t\t\t\t\t<span class=\"elementor-button-text\">Nous contacter<\/span>\n\t\t<\/span>\n\t\t\t\t\t<\/a>\n\t\t<\/div>\n\t\t\t\t<\/div>\n\t\t\t\t<\/div>\n\t\t\t\t\t<\/div>\n\t\t<\/div>\n\t\t\t\t\t\t\t<\/div>\n\t\t<\/section>\n\t\t\t\t<section class=\"elementor-section elementor-top-section elementor-element elementor-element-29f91eb elementor-section-boxed elementor-section-height-default elementor-section-height-default\" data-id=\"29f91eb\" data-element_type=\"section\" data-settings=\"{&quot;background_background&quot;:&quot;classic&quot;}\">\n\t\t\t\t\t\t\t<div class=\"elementor-background-overlay\"><\/div>\n\t\t\t\t\t\t\t<div class=\"elementor-container elementor-column-gap-default\">\n\t\t\t\t\t<div class=\"elementor-column elementor-col-100 elementor-top-column elementor-element elementor-element-6ba849a\" data-id=\"6ba849a\" data-element_type=\"column\">\n\t\t\t<div class=\"elementor-widget-wrap elementor-element-populated\">\n\t\t\t\t\t\t\t\t<div class=\"elementor-element elementor-element-e379354 elementor-grid-eael-col-4 elementor-grid-tablet-eael-col-2 elementor-grid-mobile-eael-col-1 elementor-widget elementor-widget-eael-post-grid\" data-id=\"e379354\" data-element_type=\"widget\" data-settings=\"{&quot;eael_post_grid_columns&quot;:&quot;eael-col-4&quot;,&quot;eael_post_grid_columns_tablet&quot;:&quot;eael-col-2&quot;,&quot;eael_post_grid_columns_mobile&quot;:&quot;eael-col-1&quot;}\" data-widget_type=\"eael-post-grid.default\">\n\t\t\t\t<div class=\"elementor-widget-container\">\n\t\t\t<div id=\"eael-post-grid-e379354\" class=\"eael-post-grid-container\">\n            <div class=\"eael-post-grid eael-post-appender eael-post-appender-e379354 eael-post-grid-style-default\" data-layout-mode=\"masonry\"><article class=\"eael-grid-post eael-post-grid-column\" data-id=\"1335\">\n        <div class=\"eael-grid-post-holder\">\n            <div class=\"eael-grid-post-holder-inner\"><div class=\"eael-entry-media\"><div class=\"eael-entry-overlay fade-in\"><i class=\"fas fa-long-arrow-alt-right\" aria-hidden=\"true\"><\/i><a href=\"https:\/\/shmevents.com\/index.php\/2025\/12\/16\/sold-out-en-2-jours-pour-notre-nouvelle-date-du-18-janvier-2025\/\"><\/a><\/div><div class=\"eael-entry-thumbnail \">\n                <img loading=\"lazy\" decoding=\"async\" width=\"300\" height=\"139\" src=\"https:\/\/shmevents.com\/wp-content\/uploads\/2025\/12\/ertyuio-300x139.png\" class=\"attachment-medium size-medium wp-image-1347\" alt=\"\" srcset=\"https:\/\/shmevents.com\/wp-content\/uploads\/2025\/12\/ertyuio-300x139.png 300w, https:\/\/shmevents.com\/wp-content\/uploads\/2025\/12\/ertyuio-1024x474.png 1024w, https:\/\/shmevents.com\/wp-content\/uploads\/2025\/12\/ertyuio-768x356.png 768w, https:\/\/shmevents.com\/wp-content\/uploads\/2025\/12\/ertyuio-1536x711.png 1536w, https:\/\/shmevents.com\/wp-content\/uploads\/2025\/12\/ertyuio-2048x948.png 2048w, https:\/\/shmevents.com\/wp-content\/uploads\/2025\/12\/ertyuio-600x278.png 600w\" sizes=\"auto, (max-width: 300px) 100vw, 300px\" \/>\n            <\/div>\n        <\/div><div class=\"eael-entry-wrapper\"><header class=\"eael-entry-header\"><h2 class=\"eael-entry-title\"><a\n                        class=\"eael-grid-post-link\"\n                        href=\"https:\/\/shmevents.com\/index.php\/2025\/12\/16\/sold-out-en-2-jours-pour-notre-nouvelle-date-du-18-janvier-2025\/\"\n                        title=\"\ud83c\udf89SOLD OUT en 3 jours SHMevents ouvre une nouvelle date \ud83c\udf89\">\ud83c\udf89SOLD OUT en 3 jours SHMevents ouvre une nouvelle date \ud83c\udf89<\/a><\/h2><\/header><div class=\"eael-entry-content\">\n                        <div class=\"eael-grid-post-excerpt\"><a\n                            href=\"https:\/\/shmevents.com\/index.php\/2025\/12\/16\/sold-out-en-2-jours-pour-notre-nouvelle-date-du-18-janvier-2025\/\"\n                            class=\"eael-post-elements-readmore-btn\">Voir plus<\/a><\/div>\n                    <\/div><\/div><\/div>\n        <\/div>\n    <\/article><article class=\"eael-grid-post eael-post-grid-column\" data-id=\"1183\">\n        <div class=\"eael-grid-post-holder\">\n            <div class=\"eael-grid-post-holder-inner\"><div class=\"eael-entry-media\"><div class=\"eael-entry-overlay fade-in\"><i class=\"fas fa-long-arrow-alt-right\" aria-hidden=\"true\"><\/i><a href=\"https:\/\/shmevents.com\/index.php\/2025\/12\/16\/concert-a-la-salle-gramoune-lele-a-21h00\/\"><\/a><\/div><div class=\"eael-entry-thumbnail \">\n                <img loading=\"lazy\" decoding=\"async\" width=\"300\" height=\"139\" src=\"https:\/\/shmevents.com\/wp-content\/uploads\/2025\/11\/bbb-300x139.png\" class=\"attachment-medium size-medium wp-image-1341\" alt=\"\" srcset=\"https:\/\/shmevents.com\/wp-content\/uploads\/2025\/11\/bbb-300x139.png 300w, https:\/\/shmevents.com\/wp-content\/uploads\/2025\/11\/bbb-1024x474.png 1024w, https:\/\/shmevents.com\/wp-content\/uploads\/2025\/11\/bbb-768x356.png 768w, https:\/\/shmevents.com\/wp-content\/uploads\/2025\/11\/bbb-1536x711.png 1536w, https:\/\/shmevents.com\/wp-content\/uploads\/2025\/11\/bbb-2048x948.png 2048w, https:\/\/shmevents.com\/wp-content\/uploads\/2025\/11\/bbb-600x278.png 600w\" sizes=\"auto, (max-width: 300px) 100vw, 300px\" \/>\n            <\/div>\n        <\/div><div class=\"eael-entry-wrapper\"><header class=\"eael-entry-header\"><h2 class=\"eael-entry-title\"><a\n                        class=\"eael-grid-post-link\"\n                        href=\"https:\/\/shmevents.com\/index.php\/2025\/12\/16\/concert-a-la-salle-gramoune-lele-a-21h00\/\"\n                        title=\"SHMevents pr\u00e9sente \u00ab\u00a0Les voix fran\u00e7aises officielles de K-POP Demon Hunters, le ph\u00e9nom\u00e8ne mondial\u00a0\u00bb, en concert exclusif \u00e0 La R\u00e9union !\">SHMevents pr\u00e9sente \u00ab\u00a0Les voix fran\u00e7aises officielles de K-POP Demon Hunters, le ph\u00e9nom\u00e8ne mondial\u00a0\u00bb, en concert exclusif \u00e0 La R\u00e9union !<\/a><\/h2><\/header><div class=\"eael-entry-content\">\n                        <div class=\"eael-grid-post-excerpt\"><a\n                            href=\"https:\/\/shmevents.com\/index.php\/2025\/12\/16\/concert-a-la-salle-gramoune-lele-a-21h00\/\"\n                            class=\"eael-post-elements-readmore-btn\">Voir plus<\/a><\/div>\n                    <\/div><\/div><\/div>\n        <\/div>\n    <\/article><article class=\"eael-grid-post eael-post-grid-column\" data-id=\"1358\">\n        <div class=\"eael-grid-post-holder\">\n            <div class=\"eael-grid-post-holder-inner\"><div class=\"eael-entry-media\"><div class=\"eael-entry-overlay fade-in\"><i class=\"fas fa-long-arrow-alt-right\" aria-hidden=\"true\"><\/i><a href=\"https:\/\/shmevents.com\/index.php\/2025\/12\/16\/mickael-pouvin-au-deja-vu-ile-maurice-le-dimanche-14-decembre-2025\/\"><\/a><\/div><div class=\"eael-entry-thumbnail \">\n                <img loading=\"lazy\" decoding=\"async\" width=\"225\" height=\"300\" src=\"https:\/\/shmevents.com\/wp-content\/uploads\/2025\/12\/WhatsApp-Image-2025-12-10-at-20.26.44-225x300.jpeg\" class=\"attachment-medium size-medium wp-image-1359\" alt=\"\" srcset=\"https:\/\/shmevents.com\/wp-content\/uploads\/2025\/12\/WhatsApp-Image-2025-12-10-at-20.26.44-225x300.jpeg 225w, https:\/\/shmevents.com\/wp-content\/uploads\/2025\/12\/WhatsApp-Image-2025-12-10-at-20.26.44-768x1024.jpeg 768w, https:\/\/shmevents.com\/wp-content\/uploads\/2025\/12\/WhatsApp-Image-2025-12-10-at-20.26.44-600x800.jpeg 600w, https:\/\/shmevents.com\/wp-content\/uploads\/2025\/12\/WhatsApp-Image-2025-12-10-at-20.26.44.jpeg 960w\" sizes=\"auto, (max-width: 225px) 100vw, 225px\" \/>\n            <\/div>\n        <\/div><div class=\"eael-entry-wrapper\"><header class=\"eael-entry-header\"><h2 class=\"eael-entry-title\"><a\n                        class=\"eael-grid-post-link\"\n                        href=\"https:\/\/shmevents.com\/index.php\/2025\/12\/16\/mickael-pouvin-au-deja-vu-ile-maurice-le-dimanche-14-decembre-2025\/\"\n                        title=\"Micka\u00ebl POUVIN au d\u00e9j\u00e0 vu \u00cele Maurice le dimanche 14 d\u00e9cembre 2025\">Micka\u00ebl POUVIN au d\u00e9j\u00e0 vu \u00cele Maurice le dimanche 14 d\u00e9cembre 2025<\/a><\/h2><\/header><div class=\"eael-entry-content\">\n                        <div class=\"eael-grid-post-excerpt\"><a\n                            href=\"https:\/\/shmevents.com\/index.php\/2025\/12\/16\/mickael-pouvin-au-deja-vu-ile-maurice-le-dimanche-14-decembre-2025\/\"\n                            class=\"eael-post-elements-readmore-btn\">Voir plus<\/a><\/div>\n                    <\/div><\/div><\/div>\n        <\/div>\n    <\/article><article class=\"eael-grid-post eael-post-grid-column\" data-id=\"1351\">\n        <div class=\"eael-grid-post-holder\">\n            <div class=\"eael-grid-post-holder-inner\"><div class=\"eael-entry-media\"><div class=\"eael-entry-overlay fade-in\"><i class=\"fas fa-long-arrow-alt-right\" aria-hidden=\"true\"><\/i><a href=\"https:\/\/shmevents.com\/index.php\/2025\/12\/16\/mickael-pouvin-au-omg-night-club-ile-maurice-le-samedi-13-decembre-2025\/\"><\/a><\/div><div class=\"eael-entry-thumbnail \">\n                <img loading=\"lazy\" decoding=\"async\" width=\"300\" height=\"300\" src=\"https:\/\/shmevents.com\/wp-content\/uploads\/2025\/12\/WhatsApp-Image-2025-12-10-at-20.23.07-300x300.jpeg\" class=\"attachment-medium size-medium wp-image-1353\" alt=\"\" srcset=\"https:\/\/shmevents.com\/wp-content\/uploads\/2025\/12\/WhatsApp-Image-2025-12-10-at-20.23.07-300x300.jpeg 300w, https:\/\/shmevents.com\/wp-content\/uploads\/2025\/12\/WhatsApp-Image-2025-12-10-at-20.23.07-1024x1024.jpeg 1024w, https:\/\/shmevents.com\/wp-content\/uploads\/2025\/12\/WhatsApp-Image-2025-12-10-at-20.23.07-150x150.jpeg 150w, https:\/\/shmevents.com\/wp-content\/uploads\/2025\/12\/WhatsApp-Image-2025-12-10-at-20.23.07-768x768.jpeg 768w, https:\/\/shmevents.com\/wp-content\/uploads\/2025\/12\/WhatsApp-Image-2025-12-10-at-20.23.07-600x600.jpeg 600w, https:\/\/shmevents.com\/wp-content\/uploads\/2025\/12\/WhatsApp-Image-2025-12-10-at-20.23.07-100x100.jpeg 100w, https:\/\/shmevents.com\/wp-content\/uploads\/2025\/12\/WhatsApp-Image-2025-12-10-at-20.23.07.jpeg 1080w\" sizes=\"auto, (max-width: 300px) 100vw, 300px\" \/>\n            <\/div>\n        <\/div><div class=\"eael-entry-wrapper\"><header class=\"eael-entry-header\"><h2 class=\"eael-entry-title\"><a\n                        class=\"eael-grid-post-link\"\n                        href=\"https:\/\/shmevents.com\/index.php\/2025\/12\/16\/mickael-pouvin-au-omg-night-club-ile-maurice-le-samedi-13-decembre-2025\/\"\n                        title=\"Micka\u00ebl POUVIN au OMG night-club \u00cele Maurice le samedi 13 d\u00e9cembre 2025\">Micka\u00ebl POUVIN au OMG night-club \u00cele Maurice le samedi 13 d\u00e9cembre 2025<\/a><\/h2><\/header><div class=\"eael-entry-content\">\n                        <div class=\"eael-grid-post-excerpt\"><a\n                            href=\"https:\/\/shmevents.com\/index.php\/2025\/12\/16\/mickael-pouvin-au-omg-night-club-ile-maurice-le-samedi-13-decembre-2025\/\"\n                            class=\"eael-post-elements-readmore-btn\">Voir plus<\/a><\/div>\n                    <\/div><\/div><\/div>\n        <\/div>\n    <\/article><\/div>\n            <div class=\"clearfix\"><\/div>\n        <\/div>            <div class=\"eael-load-more-button-wrap\">\n                <button class=\"eael-load-more-button\" id=\"eael-load-more-btn-e379354\" data-widget-id=\"e379354\" data-widget=\"e379354\" data-page-id=\"449\" data-nonce=\"5c4a8237e9\" data-template=\"{&quot;dir&quot;:&quot;lite&quot;,&quot;file_name&quot;:&quot;default.php&quot;,&quot;name&quot;:&quot;Post-Grid&quot;}\" data-class=\"Essential_Addons_Elementor\\Elements\\Post_Grid\" data-layout=\"masonry\" data-page=\"1\" data-args=\"orderby=date&amp;order=desc&amp;ignore_sticky_posts=1&amp;post_status=publish&amp;posts_per_page=4&amp;offset=0&amp;post_type=post\" data-max-page=\"13\">\n                    <div class=\"eael-btn-loader button__loader\"><\/div>\n                    <span>Charger plus...<\/span>\n                <\/button>\n            <\/div>\n        \t\t<\/div>\n\t\t\t\t<\/div>\n\t\t\t\t\t<\/div>\n\t\t<\/div>\n\t\t\t\t\t\t\t<\/div>\n\t\t<\/section>\n\t\t\t\t<section class=\"elementor-section elementor-top-section elementor-element elementor-element-87f7a8d elementor-section-boxed elementor-section-height-default elementor-section-height-default\" data-id=\"87f7a8d\" data-element_type=\"section\" data-settings=\"{&quot;background_background&quot;:&quot;classic&quot;}\">\n\t\t\t\t\t\t<div class=\"elementor-container elementor-column-gap-default\">\n\t\t\t\t\t<div class=\"elementor-column elementor-col-50 elementor-top-column elementor-element elementor-element-9ef1e0b\" data-id=\"9ef1e0b\" data-element_type=\"column\">\n\t\t\t<div class=\"elementor-widget-wrap elementor-element-populated\">\n\t\t\t\t\t\t\t\t<div class=\"elementor-element elementor-element-1be5fc0 elementor-invisible elementor-widget elementor-widget-heading\" data-id=\"1be5fc0\" data-element_type=\"widget\" data-settings=\"{&quot;_animation&quot;:&quot;fadeInUp&quot;}\" data-widget_type=\"heading.default\">\n\t\t\t\t<div class=\"elementor-widget-container\">\n\t\t\t<h2 class=\"elementor-heading-title elementor-size-default\">travaillons <br>  ensemble !<\/h2>\t\t<\/div>\n\t\t\t\t<\/div>\n\t\t\t\t<div class=\"elementor-element elementor-element-5d8c6fb elementor-align-center elementor-widget elementor-widget-button\" data-id=\"5d8c6fb\" data-element_type=\"widget\" data-widget_type=\"button.default\">\n\t\t\t\t<div class=\"elementor-widget-container\">\n\t\t\t\t\t<div class=\"elementor-button-wrapper\">\n\t\t\t<a href=\"https:\/\/shmevents.com\/index.php\/contact\/\" class=\"elementor-button-link elementor-button elementor-size-sm\" role=\"button\">\n\t\t\t\t\t\t<span class=\"elementor-button-content-wrapper\">\n\t\t\t\t\t\t\t<span class=\"elementor-button-icon elementor-align-icon-left\">\n\t\t\t\t<i aria-hidden=\"true\" class=\"far fa-comment\"><\/i>\t\t\t<\/span>\n\t\t\t\t\t\t<span class=\"elementor-button-text\">Nous contacter<\/span>\n\t\t<\/span>\n\t\t\t\t\t<\/a>\n\t\t<\/div>\n\t\t\t\t<\/div>\n\t\t\t\t<\/div>\n\t\t\t\t\t<\/div>\n\t\t<\/div>\n\t\t\t\t<div class=\"elementor-column elementor-col-50 elementor-top-column elementor-element elementor-element-b85291f\" data-id=\"b85291f\" data-element_type=\"column\">\n\t\t\t<div class=\"elementor-widget-wrap elementor-element-populated\">\n\t\t\t\t\t\t\t\t<div class=\"elementor-element elementor-element-4e72ed5 elementor-widget elementor-widget-image\" data-id=\"4e72ed5\" data-element_type=\"widget\" data-widget_type=\"image.default\">\n\t\t\t\t<div class=\"elementor-widget-container\">\n\t\t\t<style>\/*! elementor - v3.12.2 - 23-04-2023 *\/\n.elementor-widget-image{text-align:center}.elementor-widget-image a{display:inline-block}.elementor-widget-image a img[src$=\".svg\"]{width:48px}.elementor-widget-image img{vertical-align:middle;display:inline-block}<\/style>\t\t\t\t\t\t\t\t\t\t\t\t<img loading=\"lazy\" decoding=\"async\" width=\"1024\" height=\"683\" src=\"https:\/\/shmevents.com\/wp-content\/uploads\/2023\/06\/319326514_178460038136595_898731639385541639_n-1024x683.jpg\" class=\"attachment-large size-large wp-image-317\" alt=\"\" srcset=\"https:\/\/shmevents.com\/wp-content\/uploads\/2023\/06\/319326514_178460038136595_898731639385541639_n-1024x683.jpg 1024w, https:\/\/shmevents.com\/wp-content\/uploads\/2023\/06\/319326514_178460038136595_898731639385541639_n-300x200.jpg 300w, https:\/\/shmevents.com\/wp-content\/uploads\/2023\/06\/319326514_178460038136595_898731639385541639_n-768x512.jpg 768w, https:\/\/shmevents.com\/wp-content\/uploads\/2023\/06\/319326514_178460038136595_898731639385541639_n-600x400.jpg 600w, https:\/\/shmevents.com\/wp-content\/uploads\/2023\/06\/319326514_178460038136595_898731639385541639_n.jpg 1440w\" sizes=\"auto, (max-width: 1024px) 100vw, 1024px\" \/>\t\t\t\t\t\t\t\t\t\t\t\t\t\t\t<\/div>\n\t\t\t\t<\/div>\n\t\t\t\t\t<\/div>\n\t\t<\/div>\n\t\t\t\t\t\t\t<\/div>\n\t\t<\/section>\n\t\t\t\t\t\t\t<\/div>\n\t\t","protected":false},"excerpt":{"rendered":"<p>actualit\u00e9 Nous contacter Concert \u00e0 la salle Gramoune L\u00e9l\u00e9 \u00e0 21h00 &#8211; le 6 d\u00e9cembre 2025 pour le festival \u00ab\u00a0AN KASKAD\u00a0\u00bb du Bisik Voir plus F\u00eate de l&rsquo;ail au Domaine du relai \u00e0 Petite Ile \u00e0 partir de 16h30 &#8211; le 26 octobre 2025 Voir plus Dimanche 12 octobre: itw radio avec Micka\u00ebl POUVIN sur &hellip;<\/p>\n<p class=\"read-more\"> <a class=\"\" href=\"https:\/\/shmevents.com\/index.php\/2025\/12\/16\/mickael-pouvin-au-omg-night-club-ile-maurice-le-samedi-13-decembre-2025\/\"> <span class=\"screen-reader-text\">Micka\u00ebl POUVIN au OMG night-club \u00cele Maurice le samedi 13 d\u00e9cembre 2025<\/span> Lire la suite\u00a0\u00bb<\/a><\/p>\n","protected":false},"author":1,"featured_media":0,"parent":0,"menu_order":0,"comment_status":"closed","ping_status":"closed","template":"","meta":{"site-sidebar-layout":"no-sidebar","site-content-layout":"page-builder","ast-global-header-display":"","ast-main-header-display":"","ast-hfb-above-header-display":"","ast-hfb-below-header-display":"","ast-hfb-mobile-header-display":"","site-post-title":"disabled","ast-breadcrumbs-content":"","ast-featured-img":"disabled","footer-sml-layout":"","theme-transparent-header-meta":"","adv-header-id-meta":"","stick-header-meta":"","header-above-stick-meta":"","header-main-stick-meta":"","header-below-stick-meta":"","footnotes":""},"class_list":["post-449","page","type-page","status-publish","hentry"],"_links":{"self":[{"href":"https:\/\/shmevents.com\/index.php\/wp-json\/wp\/v2\/pages\/449","targetHints":{"allow":["GET"]}}],"collection":[{"href":"https:\/\/shmevents.com\/index.php\/wp-json\/wp\/v2\/pages"}],"about":[{"href":"https:\/\/shmevents.com\/index.php\/wp-json\/wp\/v2\/types\/page"}],"author":[{"embeddable":true,"href":"https:\/\/shmevents.com\/index.php\/wp-json\/wp\/v2\/users\/1"}],"replies":[{"embeddable":true,"href":"https:\/\/shmevents.com\/index.php\/wp-json\/wp\/v2\/comments?post=449"}],"version-history":[{"count":19,"href":"https:\/\/shmevents.com\/index.php\/wp-json\/wp\/v2\/pages\/449\/revisions"}],"predecessor-version":[{"id":1275,"href":"https:\/\/shmevents.com\/index.php\/wp-json\/wp\/v2\/pages\/449\/revisions\/1275"}],"wp:attachment":[{"href":"https:\/\/shmevents.com\/index.php\/wp-json\/wp\/v2\/media?parent=449"}],"curies":[{"name":"wp","href":"https:\/\/api.w.org\/{rel}","templated":true}]}}